{"id":1052,"date":"2026-01-19T14:12:18","date_gmt":"2026-01-19T14:12:18","guid":{"rendered":"https:\/\/lie.lievaart-vc.nl\/?page_id=1052"},"modified":"2026-01-19T14:14:28","modified_gmt":"2026-01-19T14:14:28","slug":"periodieke-controle","status":"publish","type":"page","link":"https:\/\/www.tandartsenpraktijklie.nl\/?page_id=1052","title":{"rendered":"Periodieke Controle"},"content":{"rendered":"<p>[et_pb_section fb_built=&#8221;1&#8243; custom_padding_last_edited=&#8221;on|phone&#8221; admin_label=&#8221;Header&#8221; _builder_version=&#8221;4.27.4&#8243; _module_preset=&#8221;default&#8221; background_enable_color=&#8221;off&#8221; overflow-x=&#8221;hidden&#8221; overflow-y=&#8221;hidden&#8221; custom_padding=&#8221;0px||100px||false|false&#8221; custom_padding_tablet=&#8221;||75px||false|false&#8221; custom_padding_phone=&#8221;||50px||false|false&#8221; da_disable_devices=&#8221;off|off|off&#8221; locked=&#8221;off&#8221; collapsed=&#8221;on&#8221; global_colors_info=&#8221;{%22gcid-4dccef5c-a04c-4e7c-abbe-b1e880c58010%22:%91%22background_color%22%93}&#8221; da_is_popup=&#8221;off&#8221; da_exit_intent=&#8221;off&#8221; da_has_close=&#8221;on&#8221; da_alt_close=&#8221;off&#8221; da_dark_close=&#8221;off&#8221; da_not_modal=&#8221;on&#8221; da_is_singular=&#8221;off&#8221; da_with_loader=&#8221;off&#8221; da_has_shadow=&#8221;on&#8221;][et_pb_row column_structure=&#8221;1_2,1_2&#8243; module_id=&#8221;over-ons&#8221; _builder_version=&#8221;4.27.4&#8243; _module_preset=&#8221;default&#8221; z_index=&#8221;1&#8243; width=&#8221;90%&#8221; width_tablet=&#8221;90%&#8221; width_phone=&#8221;90%&#8221; width_last_edited=&#8221;on|phone&#8221; custom_margin=&#8221;0px||0px||false|false&#8221; custom_padding=&#8221;0px||0px||false|false&#8221; global_colors_info=&#8221;{}&#8221;][et_pb_column type=&#8221;1_2&#8243; _builder_version=&#8221;4.27.4&#8243; _module_preset=&#8221;default&#8221; custom_padding=&#8221;8%||||false|false&#8221; custom_padding_tablet=&#8221;12%||||false|false&#8221; custom_padding_phone=&#8221;12%||||false|false&#8221; custom_padding_last_edited=&#8221;on|desktop&#8221; global_colors_info=&#8221;{}&#8221;][et_pb_text _builder_version=&#8221;4.27.4&#8243; _module_preset=&#8221;5a1fa098-6b31-48bd-b151-bf768c02cb1c&#8221; header_2_text_color=&#8221;#545453&#8243; custom_margin=&#8221;||10px||false|false&#8221; global_colors_info=&#8221;{}&#8221;]<\/p>\n<h2>Periodieke Controle<\/h2>\n<p>[\/et_pb_text][et_pb_text _builder_version=&#8221;4.27.5&#8243; _module_preset=&#8221;5afe5fa3-041d-46c4-bc65-657005f7d2fb&#8221; text_text_color=&#8221;#545453&#8243; hover_enabled=&#8221;0&#8243; text_font_size_tablet=&#8221;&#8221; text_font_size_phone=&#8221;&#8221; text_font_size_last_edited=&#8221;on|phone&#8221; global_colors_info=&#8221;{}&#8221; sticky_enabled=&#8221;0&#8243;]<\/p>\n<h3>Onze tandartsen doen er alles aan om uw gebit gezond te maken \u00e9n te houden. Een mooie stralende lach en een gezond gebit zijn namelijk goed voor uw zelfvertrouwen en algehele gezondheid. Wij adviseren u twee keer per jaar langs te komen voor een periodieke controle.<\/h3>\n<p>[\/et_pb_text][et_pb_text _builder_version=&#8221;4.27.5&#8243; _module_preset=&#8221;63fb7e5e-09cc-42ec-a2c3-beeb239518b4&#8243; text_text_color=&#8221;#545453&#8243; global_colors_info=&#8221;{}&#8221;]<\/p>\n<p>Tijdens de periodieke controle controleert de tandarts uw gebit en tandvlees met als doel het detecteren en verhelpen van problemen in een vroeg stadium. Op deze manier voorkomen wij klachten. De tandarts onderzoekt de conditie van uw gebit en controleert op gaatjes. Ook worden er r\u00f6ntgenfoto\u2019s gemaakt, om cari\u00ebs in een vroeg stadium te ontdekken. R\u00f6ntgenfoto\u2019s worden gemiddeld \u00e9\u00e9n keer per 2 jaren gemaakt. Afhankelijk van het cari\u00ebs risico (hoog\/laag) en de evt klacht van een tand of kies, wordt er vaker r\u00f6ntgenfoto\u2019s gemaakt. Dit uiteraard met uw toestemming.<\/p>\n<p>Problemen die wij op tijd signaleren, kunnen wij vaak oplossen met een eenvoudige behandeling. U kunt hiervoor een vervolgafspraak maken.<\/p>\n<p>[\/et_pb_text][\/et_pb_column][et_pb_column type=&#8221;1_2&#8243; _builder_version=&#8221;4.19.5&#8243; _module_preset=&#8221;default&#8221; global_colors_info=&#8221;{}&#8221;][et_pb_image src=&#8221;https:\/\/www.tandartsenpraktijklie.nl\/wp-content\/uploads\/2026\/01\/2AR3659-Periodieke-Controle-scaled.jpg&#8221; title_text=&#8221;_2AR3659-Periodieke Controle&#8221; _builder_version=&#8221;4.27.5&#8243; _module_preset=&#8221;default&#8221; custom_margin=&#8221;|-10vw|0px||false|false&#8221; custom_margin_tablet=&#8221;||||false|false&#8221; custom_margin_last_edited=&#8221;off|tablet&#8221; filter_brightness=&#8221;70%&#8221; filter_contrast=&#8221;150%&#8221; hover_enabled=&#8221;0&#8243; border_radii=&#8221;off|||20px|100px&#8221; global_colors_info=&#8221;{}&#8221; sticky_enabled=&#8221;0&#8243;][\/et_pb_image][\/et_pb_column][\/et_pb_row][\/et_pb_section]<\/p>\n","protected":false},"excerpt":{"rendered":"<p>Periodieke ControleOnze tandartsen doen er alles aan om uw gebit gezond te maken \u00e9n te houden. Een mooie stralende lach en een gezond gebit zijn namelijk goed voor uw zelfvertrouwen en algehele gezondheid. Wij adviseren u twee keer per jaar langs te komen voor een periodieke controle.Tijdens de periodieke controle controleert de tandarts uw gebit [&hellip;]<\/p>\n","protected":false},"author":1,"featured_media":0,"parent":0,"menu_order":0,"comment_status":"closed","ping_status":"closed","template":"","meta":{"_et_pb_use_builder":"on","_et_pb_old_content":"","_et_gb_content_width":"","footnotes":""},"class_list":["post-1052","page","type-page","status-publish","hentry"],"_links":{"self":[{"href":"https:\/\/www.tandartsenpraktijklie.nl\/index.php?rest_route=\/wp\/v2\/pages\/1052","targetHints":{"allow":["GET"]}}],"collection":[{"href":"https:\/\/www.tandartsenpraktijklie.nl\/index.php?rest_route=\/wp\/v2\/pages"}],"about":[{"href":"https:\/\/www.tandartsenpraktijklie.nl\/index.php?rest_route=\/wp\/v2\/types\/page"}],"author":[{"embeddable":true,"href":"https:\/\/www.tandartsenpraktijklie.nl\/index.php?rest_route=\/wp\/v2\/users\/1"}],"replies":[{"embeddable":true,"href":"https:\/\/www.tandartsenpraktijklie.nl\/index.php?rest_route=%2Fwp%2Fv2%2Fcomments&post=1052"}],"version-history":[{"count":6,"href":"https:\/\/www.tandartsenpraktijklie.nl\/index.php?rest_route=\/wp\/v2\/pages\/1052\/revisions"}],"predecessor-version":[{"id":1059,"href":"https:\/\/www.tandartsenpraktijklie.nl\/index.php?rest_route=\/wp\/v2\/pages\/1052\/revisions\/1059"}],"wp:attachment":[{"href":"https:\/\/www.tandartsenpraktijklie.nl\/index.php?rest_route=%2Fwp%2Fv2%2Fmedia&parent=1052"}],"curies":[{"name":"wp","href":"https:\/\/api.w.org\/{rel}","templated":true}]}}